{"id":1372,"date":"2023-09-07T14:48:03","date_gmt":"2023-09-07T12:48:03","guid":{"rendered":"https:\/\/www.aurumbylaura.com\/nl\/?post_type=product&#038;p=1372"},"modified":"2026-05-05T11:00:47","modified_gmt":"2026-05-05T09:00:47","slug":"vylet-ring","status":"publish","type":"product","link":"https:\/\/www.aurumbylaura.com\/nl\/product\/vylet-ring\/","title":{"rendered":"V\u00fdlet Ring Goud"},"content":{"rendered":"<h2 data-start=\"0\" data-end=\"21\"><strong data-start=\"0\" data-end=\"21\">MAAT &amp; MATERIALEN<\/strong><\/h2>\n<p data-start=\"23\" data-end=\"254\">Samenstelling: De V\u00fdlet Ring is verkrijgbaar in fairtrade en gerecycled 14-karaats geelgoud.<br data-start=\"141\" data-end=\"144\" \/>De hamertechniek waarmee de V\u00fdlet ring wordt gemaakt, wordt met de hand toegepast, waardoor elk stuk uniek is.<\/p>\n<p data-start=\"256\" data-end=\"338\"><strong>Maat:<\/strong> De maten vari\u00ebren van 45 tot 65. Bekijk onze<strong> <a href=\"https:\/\/www.aurumbylaura.com\/nl\/size-guide\"><em>Size Guide<\/em><\/a><\/strong> voor meer informatie.<\/p>\n<h3 data-start=\"340\" data-end=\"365\"><strong data-start=\"340\" data-end=\"365\">VERZENDING &amp; RETOUREN<\/strong><\/h3>\n<p data-start=\"367\" data-end=\"545\">Gratis verzending in Nederland en Belgi\u00eb bij bestellingen vanaf \u20ac250.<br data-start=\"436\" data-end=\"439\" \/>Bekijk de pagina <a href=\"https:\/\/www.aurumbylaura.com\/nl\/verzenden-retourneren\/\"><strong><em>Verzenden &amp; Retouren<\/em><\/strong><\/a> voor informatie over bestellingen binnen de EU en internationaal.<\/p>\n<h3 data-start=\"547\" data-end=\"565\"><b>CARE GUIDE<\/b><\/h3>\n<p data-start=\"567\" data-end=\"698\" data-is-last-node=\"\" data-is-only-node=\"\">De edelmetalen waarmee ik werk vragen om specifieke verzorging. In mijn <a href=\"https:\/\/www.aurumbylaura.com\/nl\/care-guide\/\"><em><strong>Care Guide<\/strong><\/em><\/a> heb ik de belangrijkste tips voor je samengevat.<\/p>\n","protected":false},"excerpt":{"rendered":"<p data-start=\"84\" data-end=\"485\">De V\u00fdlet ring smeed ik met de hand in mijn atelier in 14-karaats geelgoud. Met een eeuwenoude hamertechniek breng ik de organische vormen tot leven, waardoor elke ring een uniek oppervlak en eigen karakter krijgt. Stoer en verfijnd tegelijk, een sieraad dat op zichzelf staat, maar dankzij zijn minimalistische vorm ook prachtig te combineren is met andere juwelen.<\/p>\n<p data-start=\"487\" data-end=\"657\">De inspiratie voor de V\u00fdlet ring komt uit mijn reizen door Tsjechi\u00eb, een land vol contrasten. Van het elegante, historische Praag tot de ruige natuur van \u010cesk\u00fd r\u00e1j.<\/p>\n","protected":false},"featured_media":1375,"template":"","meta":{"_crdt_document":"","om_disable_all_campaigns":false,"_uag_custom_page_level_css":"","_monsterinsights_skip_tracking":false,"_monsterinsights_sitenote_active":false,"_monsterinsights_sitenote_note":"","_monsterinsights_sitenote_category":0,"site-sidebar-layout":"default","site-content-layout":"default","ast-site-content-layout":"default","site-content-style":"default","site-sidebar-style":"default","ast-global-header-display":"","ast-banner-title-visibility":"","ast-main-header-display":"","ast-hfb-above-header-display":"","ast-hfb-below-header-display":"","ast-hfb-mobile-header-display":"","site-post-title":"","ast-breadcrumbs-content":"","ast-featured-img":"","footer-sml-layout":"","ast-disable-related-posts":"","theme-transparent-header-meta":"default","adv-header-id-meta":"","stick-header-meta":"","header-above-stick-meta":"","header-main-stick-meta":"","header-below-stick-meta":"","astra-migrate-meta-layouts":"set","ast-page-background-enabled":"default","ast-page-background-meta":{"desktop":{"background-color":"","background-image":"","background-repeat":"repeat","background-position":"center center","background-size":"auto","background-attachment":"scroll","background-type":"","background-media":"","overlay-type":"","overlay-color":"","overlay-opacity":"","overlay-gradient":""},"tablet":{"background-color":"","background-image":"","background-repeat":"repeat","background-position":"center center","background-size":"auto","background-attachment":"scroll","background-type":"","background-media":"","overlay-type":"","overlay-color":"","overlay-opacity":"","overlay-gradient":""},"mobile":{"background-color":"","background-image":"","background-repeat":"repeat","background-position":"center center","background-size":"auto","background-attachment":"scroll","background-type":"","background-media":"","overlay-type":"","overlay-color":"","overlay-opacity":"","overlay-gradient":""}},"ast-content-background-meta":{"desktop":{"background-color":"var(--ast-global-color-5)","background-image":"","background-repeat":"repeat","background-position":"center center","background-size":"auto","background-attachment":"scroll","background-type":"","background-media":"","overlay-type":"","overlay-color":"","overlay-opacity":"","overlay-gradient":""},"tablet":{"background-color":"var(--ast-global-color-5)","background-image":"","background-repeat":"repeat","background-position":"center center","background-size":"auto","background-attachment":"scroll","background-type":"","background-media":"","overlay-type":"","overlay-color":"","overlay-opacity":"","overlay-gradient":""},"mobile":{"background-color":"var(--ast-global-color-5)","background-image":"","background-repeat":"repeat","background-position":"center center","background-size":"auto","background-attachment":"scroll","background-type":"","background-media":"","overlay-type":"","overlay-color":"","overlay-opacity":"","overlay-gradient":""}}},"product_brand":[],"product_cat":[18],"product_tag":[84],"class_list":{"0":"post-1372","1":"product","2":"type-product","3":"status-publish","4":"has-post-thumbnail","6":"product_cat-ringen","7":"product_tag-geelgoud-14k","8":"desktop-align-left","9":"tablet-align-left","10":"mobile-align-left","12":"first","13":"instock","14":"taxable","15":"shipping-taxable","16":"purchasable","17":"product-type-simple"},"aioseo_notices":[],"uagb_featured_image_src":{"full":["https:\/\/www.aurumbylaura.com\/nl\/wp-content\/uploads\/sites\/4\/2023\/09\/20230823142904_IMG_6055-scaled.jpg",2560,2560,false],"thumbnail":["https:\/\/www.aurumbylaura.com\/nl\/wp-content\/uploads\/sites\/4\/2023\/09\/20230823142904_IMG_6055-150x150.jpg",150,150,true],"medium":["https:\/\/www.aurumbylaura.com\/nl\/wp-content\/uploads\/sites\/4\/2023\/09\/20230823142904_IMG_6055-300x300.jpg",300,300,true],"medium_large":["https:\/\/www.aurumbylaura.com\/nl\/wp-content\/uploads\/sites\/4\/2023\/09\/20230823142904_IMG_6055-768x768.jpg",768,768,true],"large":["https:\/\/www.aurumbylaura.com\/nl\/wp-content\/uploads\/sites\/4\/2023\/09\/20230823142904_IMG_6055-1024x1024.jpg",1024,1024,true],"1536x1536":["https:\/\/www.aurumbylaura.com\/nl\/wp-content\/uploads\/sites\/4\/2023\/09\/20230823142904_IMG_6055-1536x1536.jpg",1536,1536,true],"2048x2048":["https:\/\/www.aurumbylaura.com\/nl\/wp-content\/uploads\/sites\/4\/2023\/09\/20230823142904_IMG_6055-2048x2048.jpg",2048,2048,true],"ultp_layout_landscape_large":["https:\/\/www.aurumbylaura.com\/nl\/wp-content\/uploads\/sites\/4\/2023\/09\/20230823142904_IMG_6055-1200x800.jpg",1200,800,true],"ultp_layout_landscape":["https:\/\/www.aurumbylaura.com\/nl\/wp-content\/uploads\/sites\/4\/2023\/09\/20230823142904_IMG_6055-870x570.jpg",870,570,true],"ultp_layout_portrait":["https:\/\/www.aurumbylaura.com\/nl\/wp-content\/uploads\/sites\/4\/2023\/09\/20230823142904_IMG_6055-600x900.jpg",600,900,true],"ultp_layout_square":["https:\/\/www.aurumbylaura.com\/nl\/wp-content\/uploads\/sites\/4\/2023\/09\/20230823142904_IMG_6055-600x600.jpg",600,600,true],"woocommerce_thumbnail":["https:\/\/www.aurumbylaura.com\/nl\/wp-content\/uploads\/sites\/4\/2023\/09\/20230823142904_IMG_6055-300x300.jpg",300,300,true],"woocommerce_single":["https:\/\/www.aurumbylaura.com\/nl\/wp-content\/uploads\/sites\/4\/2023\/09\/20230823142904_IMG_6055-600x600.jpg",600,600,true],"woocommerce_gallery_thumbnail":["https:\/\/www.aurumbylaura.com\/nl\/wp-content\/uploads\/sites\/4\/2023\/09\/20230823142904_IMG_6055-100x100.jpg",100,100,true]},"uagb_author_info":{"display_name":"Laura","author_link":"https:\/\/www.aurumbylaura.com\/nl\/blog\/author\/"},"uagb_comment_info":0,"uagb_excerpt":"De V\u00fdlet ring smeed ik met de hand in mijn atelier in 14-karaats geelgoud. Met een eeuwenoude hamertechniek breng ik de organische vormen tot leven, waardoor elke ring een uniek oppervlak en eigen karakter krijgt. Stoer en verfijnd tegelijk, een sieraad dat op zichzelf staat, maar dankzij zijn minimalistische vorm ook prachtig te combineren is&hellip;","_links":{"self":[{"href":"https:\/\/www.aurumbylaura.com\/nl\/wp-json\/wp\/v2\/product\/1372","targetHints":{"allow":["GET"]}}],"collection":[{"href":"https:\/\/www.aurumbylaura.com\/nl\/wp-json\/wp\/v2\/product"}],"about":[{"href":"https:\/\/www.aurumbylaura.com\/nl\/wp-json\/wp\/v2\/types\/product"}],"wp:featuredmedia":[{"embeddable":true,"href":"https:\/\/www.aurumbylaura.com\/nl\/wp-json\/wp\/v2\/media\/1375"}],"wp:attachment":[{"href":"https:\/\/www.aurumbylaura.com\/nl\/wp-json\/wp\/v2\/media?parent=1372"}],"wp:term":[{"taxonomy":"product_brand","embeddable":true,"href":"https:\/\/www.aurumbylaura.com\/nl\/wp-json\/wp\/v2\/product_brand?post=1372"},{"taxonomy":"product_cat","embeddable":true,"href":"https:\/\/www.aurumbylaura.com\/nl\/wp-json\/wp\/v2\/product_cat?post=1372"},{"taxonomy":"product_tag","embeddable":true,"href":"https:\/\/www.aurumbylaura.com\/nl\/wp-json\/wp\/v2\/product_tag?post=1372"}],"curies":[{"name":"wp","href":"https:\/\/api.w.org\/{rel}","templated":true}]}}